{"id":21,"date":"2022-08-28T22:50:01","date_gmt":"2022-08-28T22:50:01","guid":{"rendered":"https:\/\/www.diplomacypakistan.com\/?page_id=21"},"modified":"2023-04-29T00:25:12","modified_gmt":"2023-04-29T00:25:12","slug":"exclusive-interview-h-e-consul-general-republic-of-turkey","status":"publish","type":"page","link":"https:\/\/www.diplomacypakistan.com\/?page_id=21","title":{"rendered":"Exclusive Interview H.E Consul General Republic of Turkey"},"content":{"rendered":"<p align=\"center\"><b>INTERVIEW of H.E MURAT M. ONART<\/b><\/p>\n<p><b>CONSUL GENERAL REPUBLIC OF TURKEY KARACHI, PAKISTAN ON 18<sup>TH<\/sup>\u00a0FEB. 2013<\/b><\/p>\n<p><strong>Editor :\u00a0<\/strong>Thanks to your consent to share with us your ideas and perception on numerous points on Pakistan-Turkey bilateral relations. To begin with let our readers find out about your earlier postings and transient profile?<\/p>\n<p><strong><em>H.E Consul General:<\/em><\/strong>\u00a0Thanks for coming right here and It\u2019s my pleasure supplying you with an interview. To start off, I was born in 1968 in Ankara, Turkey and belong to the family of a Diplomat as My father was also a Diplomat working in Turkish foreign services. Secondly, I\u2019ve taken my initial schooling largely in French faculties at completely different locations with Turkey. Furthermore, I Graduated in Economics from Ankara College. After I joined Foreign Service in 1991, I used to be posted to Libya in 1994-1997, then was deputed to the Faculty of Europe in Bruges in 1997-1998 and our Embassy in Belgium in 1998-1998. After that, I went to Algeria in 2001-2006. In between, I served in Ankara in numerous Departments of the Ministry of Foreign Affairs. Lastly, I used to be posted to Karachi, Pakistan within the 12 months 2011.<\/p>\n<p><img loading=\"lazy\" decoding=\"async\" class=\" wp-image-6368 aligncenter\" src=\"http:\/\/www.diplomacypakistan.com\/wp-content\/uploads\/2023\/04\/DSCN3479-1-300x225.jpg\" alt=\"\" width=\"518\" height=\"389\" srcset=\"https:\/\/www.diplomacypakistan.com\/wp-content\/uploads\/2023\/04\/DSCN3479-1-300x225.jpg 300w, https:\/\/www.diplomacypakistan.com\/wp-content\/uploads\/2023\/04\/DSCN3479-1-1024x768.jpg 1024w, https:\/\/www.diplomacypakistan.com\/wp-content\/uploads\/2023\/04\/DSCN3479-1-768x576.jpg 768w, https:\/\/www.diplomacypakistan.com\/wp-content\/uploads\/2023\/04\/DSCN3479-1-1536x1152.jpg 1536w, https:\/\/www.diplomacypakistan.com\/wp-content\/uploads\/2023\/04\/DSCN3479-1-2048x1536.jpg 2048w\" sizes=\"auto, (max-width: 518px) 100vw, 518px\" \/><\/p>\n<p><strong>Editor:<\/strong>\u00a0How would you outline relationship between Pakistan and Turkey?<\/p>\n<p><strong><em>H.E Consul General:<\/em><\/strong>\u00a0Properly, I wish to outline Pakistan and Turkey relationship into three areas like Political, Economical and Cultural. I can say that the connection between two nations is greater than good, you possibly can say it\u2019s dream relationship between two Countries. \u00a0Nonetheless, the individuals of each nations are naturally emotional and normally the worldwide relations are primarily based on logic. Through the first world struggle the Ottoman Empire was going by way of very robust time as we had been occupied by Britain, France, Italy and Greece. At the moment, Muslims within the Subcontinent who did not need to see the final impartial Muslim nation fall, based the Khilafat Motion and supplied funds to our resistance motion. Even, girls offered their jewellery to be ship to Turkey. The most important non-public financial institution of as we speak\u2019s Turkey, \u201c\u0130\u015f Bankas\u0131\u201d was established with the stay of these funds.\u00a0\u00a0Once we turned Republic Pakistan and turkey have good relationship with one another and likewise I can say that we at all times welcome Pakistani individuals with open arms and at all times give them respect, whether or not they\u2019re coming for tourism or enterprise functions. As per worldwide relations with Pakistan , when Pakistan turned impartial we had been the one among First International locations to acknowledge it. In view of present state of affairs Prime of Pakistan can also be visiting our nation and our additionally. Due to this fact, we each have robust political relationship. As part of cultural relationship a few of non-public partnership of Turkish Media and Pakistan Media as an example Turkish T.V Productions by which individuals of Pakistan can find out about our tradition as part of our cultural relationship. It\u2019s privately initiative from non-public sector of each international locations. Moreover, 2014 is Cultural 12 months for each of nations, as we\u2019ve got lot of cultural occasions this 12 months in Pakistan in addition to Pakistan\u2019s Cultural 12 months in Turkey.<\/p>\n<p><img loading=\"lazy\" decoding=\"async\" class=\"wp-image-6360 aligncenter\" src=\"http:\/\/www.diplomacypakistan.com\/wp-content\/uploads\/2023\/04\/DSCN3475-300x225.jpg\" alt=\"\" width=\"573\" height=\"430\" srcset=\"https:\/\/www.diplomacypakistan.com\/wp-content\/uploads\/2023\/04\/DSCN3475-300x225.jpg 300w, https:\/\/www.diplomacypakistan.com\/wp-content\/uploads\/2023\/04\/DSCN3475.jpg 640w\" sizes=\"auto, (max-width: 573px) 100vw, 573px\" \/><\/p>\n<p><strong>Editor:<\/strong>What are main areas the place each international locations cooperate ?<\/p>\n<p><strong><em>H.E Consul General:<\/em>\u00a0<\/strong>As a part of Worldwide relations we\u2019re cooperating very properly. We\u2019re giving full assist to Pakistan on Kashmir problem and Pakistan is giving us full assist\u00a0on Cyprus problem. Secondly, we\u2019re prepared to cooperate if there may be another assist wanted. As we\u2019ve got discovered that Pakistan has robust worldwide boards in The United Nations (U.N). Furthermore, A Turkish firm is constructing a logistics ship in Karachi shipyard. Nonetheless, The design was Turkish however all of the work has been executed by Pakistani Engineers right here in Karachi ship yard beneath Turkish Supervision. That is the wonderful manner and an instance of collaboration of each international locations.<\/p>\n<p><strong>Editor:<\/strong>\u00a0I would love you to replicate on Turkey-Pakistan Growth partnership?<\/p>\n<p><strong><em>H.E Consul General:<\/em>\u00a0<\/strong>I need to see Pakistan extra economical rich nation and need to see extra funding coming right here from Turkish buyers. I additionally wish to see increasingly Turkish\u00a0merchandise to be imported right here in Pakistan as Turkey is wealthy in manufacturing of Equipment, home equipment and vehicles. I hope that in subsequent coming years financial system of Pakistan will develop.<\/p>\n<p><img loading=\"lazy\" decoding=\"async\" class=\"wp-image-6363 aligncenter\" src=\"http:\/\/www.diplomacypakistan.com\/wp-content\/uploads\/2023\/04\/DSCN3481-300x225.jpg\" alt=\"\" width=\"556\" height=\"417\" srcset=\"https:\/\/www.diplomacypakistan.com\/wp-content\/uploads\/2023\/04\/DSCN3481-300x225.jpg 300w, https:\/\/www.diplomacypakistan.com\/wp-content\/uploads\/2023\/04\/DSCN3481.jpg 640w\" sizes=\"auto, (max-width: 556px) 100vw, 556px\" \/><\/p>\n<p><strong><em>Editor:<\/em><\/strong>\u00a0Would you wish to replicate on a few of your up coming growth initiatives of Turkey in partnership with Pakistan.<\/p>\n<p><strong><em>H.E Consul General:<\/em>\u00a0<\/strong>Properly, there are numerous Turkish corporations who\u2019re exploring Pakistan for growth initiatives and one of many corporations named Zorlu accomplished their wind power challenge in Jhimper, Sindh. One other space is Coal exploration in Sindh as many different Turkish Firms are curious about Thar Coal Undertaking.\u00a0As per our invitation increasingly buyers are coming to Pakistan to put money into these initiatives to strengthen financial system of Pakistan. As of late one of many greatest airport administration firm of Turkey arrived to probe airport initiatives\u00a0in Pakistan, they already contributed greater than 10 Airports worldwide.<\/p>\n<p><strong>Editor:<\/strong>\u00a0How your authorities is facilitating to the international buyers?<\/p>\n<p><strong><em>H.E Consul General:<\/em><\/strong>\u00a0Properly, we\u2019ve got big reforms in our programs and we\u2019re having many international investments, as we\u2019re on prime of facilitation, there are numerous possibilities for international buyers to realize their aims. We offer nice help to buyers so it is vitally straightforward to enter the Turkish market.<\/p>\n<p><img loading=\"lazy\" decoding=\"async\" class=\" wp-image-6371 aligncenter\" src=\"http:\/\/www.diplomacypakistan.com\/wp-content\/uploads\/2023\/04\/DSCN3476-300x225.jpg\" alt=\"\" width=\"483\" height=\"362\" srcset=\"https:\/\/www.diplomacypakistan.com\/wp-content\/uploads\/2023\/04\/DSCN3476-300x225.jpg 300w, https:\/\/www.diplomacypakistan.com\/wp-content\/uploads\/2023\/04\/DSCN3476-1024x768.jpg 1024w, https:\/\/www.diplomacypakistan.com\/wp-content\/uploads\/2023\/04\/DSCN3476-768x576.jpg 768w, https:\/\/www.diplomacypakistan.com\/wp-content\/uploads\/2023\/04\/DSCN3476-1536x1152.jpg 1536w, https:\/\/www.diplomacypakistan.com\/wp-content\/uploads\/2023\/04\/DSCN3476-2048x1536.jpg 2048w\" sizes=\"auto, (max-width: 483px) 100vw, 483px\" \/><\/p>\n<p><strong>Editor:\u00a0<\/strong>Yearly what number of Pakistanis are travelling to Turkey for enterprise and tourism goal?<\/p>\n<p><em><strong>H.E Consul General:<\/strong>\u00a0\u00a0<\/em>It is vitally troublesome to asses as\u00a0most Pakistanis touring overseas are twin nationals. On the opposite fingers, you possibly can say that roughly 2000 visas a month from Islamabad and Karachi. To get an thought, There are 10 million customer to Istanbul final 12 months was Pakistani origin.<\/p>\n<p><strong>Editor:\u00a0<\/strong>Schooling is a crucial pillar for increase a nation. How a lot are there possibilities for Pakistani college students to take up their research in Turkey?<\/p>\n<p><em><strong>H.E Consul General:<\/strong>\u00a0<\/em>I\u2019m a big supporter of schooling, specifically college schooling in Turkey. After getting schooling in Turkey they turned Ambassador of Turkey in Pakistan. Additionally there are numerous corporations who\u2019re organizing Schooling Festivals in Pakistan, additionally a few of universities offering internships for graduates. I\u2019ve discovered that Pakistani college students are exhausting working and there are numerous possibilities for college students to achieve extremely acknowledged levels there.<\/p>\n<p><img loading=\"lazy\" decoding=\"async\" class=\"wp-image-6369 aligncenter\" src=\"http:\/\/www.diplomacypakistan.com\/wp-content\/uploads\/2023\/04\/DSCN3483-300x225.jpg\" alt=\"\" width=\"599\" height=\"449\" srcset=\"https:\/\/www.diplomacypakistan.com\/wp-content\/uploads\/2023\/04\/DSCN3483-300x225.jpg 300w, https:\/\/www.diplomacypakistan.com\/wp-content\/uploads\/2023\/04\/DSCN3483-1024x768.jpg 1024w, https:\/\/www.diplomacypakistan.com\/wp-content\/uploads\/2023\/04\/DSCN3483-768x576.jpg 768w, https:\/\/www.diplomacypakistan.com\/wp-content\/uploads\/2023\/04\/DSCN3483-1536x1152.jpg 1536w, https:\/\/www.diplomacypakistan.com\/wp-content\/uploads\/2023\/04\/DSCN3483-2048x1536.jpg 2048w\" sizes=\"auto, (max-width: 599px) 100vw, 599px\" \/><\/p>\n<p><strong>Editor:\u00a0<\/strong>Turkey A Candidate for Upcoming UN Safety Council Non-permanent seat of Western EU.of 2015-16. What are the targets and goal of Turkey to contribute\u00a0in World Peace Course of?<\/p>\n<p><em><strong>H.E Consul General:\u00a0<\/strong><\/em>On the time when United Nations shaped , Turkey was the founding member. In 2002, it was member of Safety Council. Our Authorities is prepared to play our\u00a0half in United Nations to contribute to World Peace Course of and need to be heard in United Nations. Within the 12 months 2009-2011 Turkey additionally participated in Elections of U.N for Non-Everlasting seat. We\u2019re collaborating once more for this non-permanent seat of Western E.U of 2015-16. The Turkish function in Worldwide world in growing. We additionally play our half in Worldwide world peace course of. Hopefully we are going to play our function extra effectively after getting Non-permanent seat of the United Nations of Western E.U of 2015-16.<\/p>\n<p><strong>Editor:\u00a0<\/strong>What\u2019s your message to Individuals of Pakistan?<\/p>\n<p><em><strong>H.E Consul General:\u00a0<\/strong><\/em>Properly, once I got here right here in Pakistan, I discovered that Pakistan may be very wealthy as per the individuals of Pakistan are very exhausting working they usually additionally come up\u00a0with nice concepts and expertise. I noticed that they will contribute to their nation in superb manners. My message to Individuals of Pakistan is to get together with one another that will make their nation extra highly effective.<\/p>\n<p><strong>Editor:\u00a0<\/strong>Thanks H.E Consul Common Sir, to your time. It was good speaking to you.<\/p>\n<p><em><strong>H.E Consul General: Thank you for your visit. Its a great pleasure meeting with you.<\/strong><\/em><\/p>\n","protected":false},"excerpt":{"rendered":"<p>INTERVIEW of H.E MURAT M. ONART CONSUL GENERAL REPUBLIC OF TURKEY KARACHI, PAKISTAN ON 18TH\u00a0FEB. 2013 Editor :\u00a0Thanks to your consent to share with us&#8230;<\/p>\n","protected":false},"author":1,"featured_media":6370,"parent":0,"menu_order":0,"comment_status":"closed","ping_status":"closed","template":"template-full.php","meta":{"om_disable_all_campaigns":false,"_monsterinsights_skip_tracking":false,"_monsterinsights_sitenote_active":false,"_monsterinsights_sitenote_note":"","_monsterinsights_sitenote_category":0,"footnotes":""},"class_list":["post-21","page","type-page","status-publish","has-post-thumbnail","hentry"],"aioseo_notices":[],"_links":{"self":[{"href":"https:\/\/www.diplomacypakistan.com\/index.php?rest_route=\/wp\/v2\/pages\/21","targetHints":{"allow":["GET"]}}],"collection":[{"href":"https:\/\/www.diplomacypakistan.com\/index.php?rest_route=\/wp\/v2\/pages"}],"about":[{"href":"https:\/\/www.diplomacypakistan.com\/index.php?rest_route=\/wp\/v2\/types\/page"}],"author":[{"embeddable":true,"href":"https:\/\/www.diplomacypakistan.com\/index.php?rest_route=\/wp\/v2\/users\/1"}],"replies":[{"embeddable":true,"href":"https:\/\/www.diplomacypakistan.com\/index.php?rest_route=%2Fwp%2Fv2%2Fcomments&post=21"}],"version-history":[{"count":3,"href":"https:\/\/www.diplomacypakistan.com\/index.php?rest_route=\/wp\/v2\/pages\/21\/revisions"}],"predecessor-version":[{"id":6372,"href":"https:\/\/www.diplomacypakistan.com\/index.php?rest_route=\/wp\/v2\/pages\/21\/revisions\/6372"}],"wp:featuredmedia":[{"embeddable":true,"href":"https:\/\/www.diplomacypakistan.com\/index.php?rest_route=\/wp\/v2\/media\/6370"}],"wp:attachment":[{"href":"https:\/\/www.diplomacypakistan.com\/index.php?rest_route=%2Fwp%2Fv2%2Fmedia&parent=21"}],"curies":[{"name":"wp","href":"https:\/\/api.w.org\/{rel}","templated":true}]}}